{"id":10128,"date":"2023-03-17T13:34:50","date_gmt":"2023-03-17T09:34:50","guid":{"rendered":"https:\/\/soyqirim.az\/?page_id=10128"},"modified":"2026-04-21T11:55:13","modified_gmt":"2026-04-21T07:55:13","slug":"heyd%c9%99r-%c9%99liyev-ili","status":"publish","type":"page","link":"https:\/\/soyqirim.az\/ar\/heyd%c9%99r-%c9%99liyev-ili","title":{"rendered":"\u0639\u0627\u0645 \u062d\u064a\u062f\u0631 \u0639\u0644\u064a\u064a\u0641"},"content":{"rendered":"\t\t\t<style type=\"text\/css\">\n\t\t\t.display-post-types {opacity: 0;} #dpt-wrapper-259 .dpt-featured-content, #dpt-wrapper-259 a.dpt-permalink, #dpt-wrapper-259 .dpt-featured-content:after, #dpt-wrapper-259 .dpt-thumbnail img { border-radius: 5px; }\t\t\t<\/style>\n\t\t\t\t\t\t<div class=\"display-post-types\"><div id=\"dpt-wrapper-259\" class=\"dpt-wrapper dpt-grid1 centercrop wdscrn col-nr-3 multi-col dpt-cropped dpt-flex-wrap\" >\n\n\t\t\t\t\t\t\t<div class=\"dpt-entry has-thumbnail\">\n\t\t\t\t\t<div class=\"dpt-entry-wrapper\"><div class=\" dpt-featured-content\"><a href=\"https:\/\/soyqirim.az\/ar\/link\/9622\" class=\"dpt-permalink\"><span class=\"screen-reader-text\">\u0661\u0662 \u062f\u064a\u0633\u0646\u0628\u0631 \u060c \u062a\u062d\u064a\u0649 \u0627\u0644\u0634\u0639\u0628 \u0627\u0644\u0622\u0630\u0631\u0628\u064a\u062c\u0627\u0646\u0649\u060c \u0627\u0644\u0630\u0643\u0631\u0649 \u0627\u0644\u0661\u0669 \u0644\u0648\u0641\u0627\u0629 \u0627\u0644\u0632\u0639\u064a\u0645 \u0648 \u0627\u0644\u0631\u0626\u064a\u0633 \u0627\u0644\u0631\u0627\u062d\u0644 \u062d\u064a\u062f\u0631 \u0639\u0644\u064a\u064a\u0641<\/span><\/a><div class=\"dpt-thumbnail landscape\"><img width=\"1638\" height=\"1229\" src=\"https:\/\/soyqirim.az\/wp-content\/uploads\/2025\/12\/599929207_1457354426391128_8562574189127802800_n-2.jpg\" class=\"attachment-dpt-medium size-dpt-medium wp-post-image\" alt=\"\" decoding=\"async\" loading=\"lazy\" srcset=\"https:\/\/soyqirim.az\/wp-content\/uploads\/2025\/12\/599929207_1457354426391128_8562574189127802800_n-2.jpg 1638w, https:\/\/soyqirim.az\/wp-content\/uploads\/2025\/12\/599929207_1457354426391128_8562574189127802800_n-2-300x225.jpg 300w, https:\/\/soyqirim.az\/wp-content\/uploads\/2025\/12\/599929207_1457354426391128_8562574189127802800_n-2-1500x1125.jpg 1500w, https:\/\/soyqirim.az\/wp-content\/uploads\/2025\/12\/599929207_1457354426391128_8562574189127802800_n-2-768x576.jpg 768w, https:\/\/soyqirim.az\/wp-content\/uploads\/2025\/12\/599929207_1457354426391128_8562574189127802800_n-2-1536x1152.jpg 1536w\" sizes=\"100vw\" \/><\/div><\/div><div class=\" sub-entry\"><h3 class=\"dpt-title\"><a class=\"dpt-title-link\" href=\"https:\/\/soyqirim.az\/ar\/link\/9622\" rel=\"bookmark\">\u0661\u0662 \u062f\u064a\u0633\u0646\u0628\u0631 \u060c \u062a\u062d\u064a\u0649 \u0627\u0644\u0634\u0639\u0628 \u0627\u0644\u0622\u0630\u0631\u0628\u064a\u062c\u0627\u0646\u0649\u060c \u0627\u0644\u0630\u0643\u0631\u0649 \u0627\u0644\u0661\u0669 \u0644\u0648\u0641\u0627\u0629 \u0627\u0644\u0632\u0639\u064a\u0645 \u0648 \u0627\u0644\u0631\u0626\u064a\u0633 \u0627\u0644\u0631\u0627\u062d\u0644 \u062d\u064a\u062f\u0631 \u0639\u0644\u064a\u064a\u0641<\/a><\/h3><\/div><\/div>\n\t\t\t\t<\/div><!-- .dpt-entry -->\n\t\t\t\t\t\t\t\t<div class=\"dpt-entry has-thumbnail\">\n\t\t\t\t\t<div class=\"dpt-entry-wrapper\"><div class=\" dpt-featured-content\"><a href=\"https:\/\/soyqirim.az\/ar\/link\/10807\" class=\"dpt-permalink\"><span class=\"screen-reader-text\">\u00dcmummilli lider Heyd\u0259r \u018fliyevin hakimiyy\u0259t\u0259 qay\u0131d\u0131\u015f\u0131ndan sonra \u00f6lk\u0259mizd\u0259 idman\u0131n v\u0259 b\u0259d\u0259n t\u0259rbiy\u0259sinin inki\u015faf\u0131 d\u00f6vl\u0259t strategiyas\u0131n\u0131n \u0259n vacib qollar\u0131ndan birin\u0259 \u00e7evrildi.<\/span><\/a><div class=\"dpt-thumbnail portrait\"><img width=\"2048\" height=\"2048\" src=\"https:\/\/soyqirim.az\/wp-content\/uploads\/2023\/05\/344871429_762111085627918_3903148902507420999_n.jpg\" class=\"attachment-dpt-medium size-dpt-medium wp-post-image\" alt=\"\" decoding=\"async\" loading=\"lazy\" srcset=\"https:\/\/soyqirim.az\/wp-content\/uploads\/2023\/05\/344871429_762111085627918_3903148902507420999_n.jpg 2048w, https:\/\/soyqirim.az\/wp-content\/uploads\/2023\/05\/344871429_762111085627918_3903148902507420999_n-300x300.jpg 300w, https:\/\/soyqirim.az\/wp-content\/uploads\/2023\/05\/344871429_762111085627918_3903148902507420999_n-1500x1500.jpg 1500w, https:\/\/soyqirim.az\/wp-content\/uploads\/2023\/05\/344871429_762111085627918_3903148902507420999_n-768x768.jpg 768w, https:\/\/soyqirim.az\/wp-content\/uploads\/2023\/05\/344871429_762111085627918_3903148902507420999_n-1536x1536.jpg 1536w, https:\/\/soyqirim.az\/wp-content\/uploads\/2023\/05\/344871429_762111085627918_3903148902507420999_n-64x64.jpg 64w, https:\/\/soyqirim.az\/wp-content\/uploads\/2023\/05\/344871429_762111085627918_3903148902507420999_n-100x100.jpg 100w\" sizes=\"100vw\" \/><\/div><\/div><div class=\" sub-entry\"><h3 class=\"dpt-title\"><a class=\"dpt-title-link\" href=\"https:\/\/soyqirim.az\/ar\/link\/10807\" rel=\"bookmark\">\u00dcmummilli lider Heyd\u0259r \u018fliyevin hakimiyy\u0259t\u0259 qay\u0131d\u0131\u015f\u0131ndan sonra \u00f6lk\u0259mizd\u0259 idman\u0131n v\u0259 b\u0259d\u0259n t\u0259rbiy\u0259sinin inki\u015faf\u0131 d\u00f6vl\u0259t strategiyas\u0131n\u0131n \u0259n vacib qollar\u0131ndan birin\u0259 \u00e7evrildi.<\/a><\/h3><\/div><\/div>\n\t\t\t\t<\/div><!-- .dpt-entry -->\n\t\t\t\t\t\t\t\t<div class=\"dpt-entry has-thumbnail\">\n\t\t\t\t\t<div class=\"dpt-entry-wrapper\"><div class=\" dpt-featured-content\"><a href=\"https:\/\/soyqirim.az\/ar\/link\/10803\" class=\"dpt-permalink\"><span class=\"screen-reader-text\">1993-c\u00fc ild\u0259 hakimiyy\u0259t\u0259 qay\u0131d\u0131\u015f\u0131 il\u0259 Az\u0259rbaycan\u0131 lab\u00fcd f\u0259lak\u0259td\u0259n xilas ed\u0259n, \u00f6lk\u0259nin siyasi v\u0259 iqtisadi h\u0259yat\u0131nda taley\u00fckl\u00fc d\u0259yi\u015fiklikl\u0259rin ba\u015flan\u011f\u0131c\u0131n\u0131 qoymu\u015f dahi \u015f\u0259xsiyy\u0259t Heyd\u0259r \u018fliyev bu y\u00fcks\u0259li\u015f \u00fc\u00e7\u00fcn m\u00fch\u00fcm q\u0259rarlar v\u0259 t\u0259dbirl\u0259r g\u00f6rm\u0259y\u0259 ba\u015flad\u0131.<\/span><\/a><div class=\"dpt-thumbnail portrait\"><img width=\"2048\" height=\"2048\" src=\"https:\/\/soyqirim.az\/wp-content\/uploads\/2023\/05\/344743466_243073268381277_2627789210773874524_n.jpg\" class=\"attachment-dpt-medium size-dpt-medium wp-post-image\" alt=\"\" decoding=\"async\" loading=\"lazy\" srcset=\"https:\/\/soyqirim.az\/wp-content\/uploads\/2023\/05\/344743466_243073268381277_2627789210773874524_n.jpg 2048w, https:\/\/soyqirim.az\/wp-content\/uploads\/2023\/05\/344743466_243073268381277_2627789210773874524_n-300x300.jpg 300w, https:\/\/soyqirim.az\/wp-content\/uploads\/2023\/05\/344743466_243073268381277_2627789210773874524_n-1500x1500.jpg 1500w, https:\/\/soyqirim.az\/wp-content\/uploads\/2023\/05\/344743466_243073268381277_2627789210773874524_n-768x768.jpg 768w, https:\/\/soyqirim.az\/wp-content\/uploads\/2023\/05\/344743466_243073268381277_2627789210773874524_n-1536x1536.jpg 1536w, https:\/\/soyqirim.az\/wp-content\/uploads\/2023\/05\/344743466_243073268381277_2627789210773874524_n-64x64.jpg 64w, https:\/\/soyqirim.az\/wp-content\/uploads\/2023\/05\/344743466_243073268381277_2627789210773874524_n-100x100.jpg 100w\" sizes=\"100vw\" \/><\/div><\/div><div class=\" sub-entry\"><h3 class=\"dpt-title\"><a class=\"dpt-title-link\" href=\"https:\/\/soyqirim.az\/ar\/link\/10803\" rel=\"bookmark\">1993-c\u00fc ild\u0259 hakimiyy\u0259t\u0259 qay\u0131d\u0131\u015f\u0131 il\u0259 Az\u0259rbaycan\u0131 lab\u00fcd f\u0259lak\u0259td\u0259n xilas ed\u0259n, \u00f6lk\u0259nin siyasi v\u0259 iqtisadi h\u0259yat\u0131nda taley\u00fckl\u00fc d\u0259yi\u015fiklikl\u0259rin ba\u015flan\u011f\u0131c\u0131n\u0131 qoymu\u015f dahi \u015f\u0259xsiyy\u0259t Heyd\u0259r \u018fliyev bu y\u00fcks\u0259li\u015f \u00fc\u00e7\u00fcn m\u00fch\u00fcm q\u0259rarlar v\u0259 t\u0259dbirl\u0259r g\u00f6rm\u0259y\u0259 ba\u015flad\u0131.<\/a><\/h3><\/div><\/div>\n\t\t\t\t<\/div><!-- .dpt-entry -->\n\t\t\t\t\t\t\t\t<div class=\"dpt-entry has-thumbnail\">\n\t\t\t\t\t<div class=\"dpt-entry-wrapper\"><div class=\" dpt-featured-content\"><a href=\"https:\/\/soyqirim.az\/ar\/link\/10800\" class=\"dpt-permalink\"><span class=\"screen-reader-text\">\u0623\u0646 \u0627\u0644\u0632\u0639\u064a\u0645 \u0627\u0644\u0648\u0637\u0646\u064a \u062d\u064a\u062f\u0631 \u0639\u0644\u064a\u064a\u0641 \u060c \u0628\u0635\u0641\u062a\u0647 \u0642\u0627\u0626\u062f\u0627 \u0645\u062a\u0645\u0631\u0633\u0627 \u0648 \u062d\u0643\u064a\u0645\u0627 \u0623\u0630\u0631\u0628\u064a\u062c\u0627\u0646\u064a\u0627\u060c \u0634\u0627\u0631\u0643 \u062f\u0627\u0626\u0645\u0627 \u0623\u0641\u0643\u0627\u0631\u0647 \u0627\u0644\u0642\u064a\u0645\u0629 \u0645\u0639 \u0627\u0644\u0634\u0639\u0628 \u0627\u0644\u0623\u0630\u0631\u0628\u064a\u062c\u0627\u0646\u064a \u062d\u0648\u0644 \u0627\u0644\u0645\u0628\u0627\u062f\u0626 \u0627\u0644\u062a\u064a \u062a\u0634\u0643\u0644 \u0627\u0644\u0623\u0633\u0627\u0633 \u0627\u0644\u0631\u0648\u062d\u064a \u0644\u062f\u0649 \u0627\u0644\u0645\u062c\u062a\u0645\u0639<\/span><\/a><div class=\"dpt-thumbnail portrait\"><img width=\"1600\" height=\"1600\" src=\"https:\/\/soyqirim.az\/wp-content\/uploads\/2023\/05\/344564311_753995792882370_3282623744721255232_n.jpg\" class=\"attachment-dpt-medium size-dpt-medium wp-post-image\" alt=\"\" decoding=\"async\" loading=\"lazy\" srcset=\"https:\/\/soyqirim.az\/wp-content\/uploads\/2023\/05\/344564311_753995792882370_3282623744721255232_n.jpg 1600w, https:\/\/soyqirim.az\/wp-content\/uploads\/2023\/05\/344564311_753995792882370_3282623744721255232_n-300x300.jpg 300w, https:\/\/soyqirim.az\/wp-content\/uploads\/2023\/05\/344564311_753995792882370_3282623744721255232_n-1500x1500.jpg 1500w, https:\/\/soyqirim.az\/wp-content\/uploads\/2023\/05\/344564311_753995792882370_3282623744721255232_n-768x768.jpg 768w, https:\/\/soyqirim.az\/wp-content\/uploads\/2023\/05\/344564311_753995792882370_3282623744721255232_n-1536x1536.jpg 1536w, https:\/\/soyqirim.az\/wp-content\/uploads\/2023\/05\/344564311_753995792882370_3282623744721255232_n-64x64.jpg 64w, https:\/\/soyqirim.az\/wp-content\/uploads\/2023\/05\/344564311_753995792882370_3282623744721255232_n-100x100.jpg 100w\" sizes=\"100vw\" \/><\/div><\/div><div class=\" sub-entry\"><h3 class=\"dpt-title\"><a class=\"dpt-title-link\" href=\"https:\/\/soyqirim.az\/ar\/link\/10800\" rel=\"bookmark\">\u0623\u0646 \u0627\u0644\u0632\u0639\u064a\u0645 \u0627\u0644\u0648\u0637\u0646\u064a \u062d\u064a\u062f\u0631 \u0639\u0644\u064a\u064a\u0641 \u060c \u0628\u0635\u0641\u062a\u0647 \u0642\u0627\u0626\u062f\u0627 \u0645\u062a\u0645\u0631\u0633\u0627 \u0648 \u062d\u0643\u064a\u0645\u0627 \u0623\u0630\u0631\u0628\u064a\u062c\u0627\u0646\u064a\u0627\u060c \u0634\u0627\u0631\u0643 \u062f\u0627\u0626\u0645\u0627 \u0623\u0641\u0643\u0627\u0631\u0647 \u0627\u0644\u0642\u064a\u0645\u0629 \u0645\u0639 \u0627\u0644\u0634\u0639\u0628 \u0627\u0644\u0623\u0630\u0631\u0628\u064a\u062c\u0627\u0646\u064a \u062d\u0648\u0644 \u0627\u0644\u0645\u0628\u0627\u062f\u0626 \u0627\u0644\u062a\u064a \u062a\u0634\u0643\u0644 \u0627\u0644\u0623\u0633\u0627\u0633 \u0627\u0644\u0631\u0648\u062d\u064a \u0644\u062f\u0649 \u0627\u0644\u0645\u062c\u062a\u0645\u0639<\/a><\/h3><\/div><\/div>\n\t\t\t\t<\/div><!-- .dpt-entry -->\n\t\t\t\t\t\t\t\t<div class=\"dpt-entry has-thumbnail\">\n\t\t\t\t\t<div class=\"dpt-entry-wrapper\"><div class=\" dpt-featured-content\"><a href=\"https:\/\/soyqirim.az\/ar\/link\/10787\" class=\"dpt-permalink\"><span class=\"screen-reader-text\">Ordu d\u00f6vl\u0259tin \u0259razi b\u00fct\u00f6vl\u00fcy\u00fcn\u00fc t\u0259min etm\u0259k \u00fc\u00e7\u00fcn \u0259sas q\u00fcvv\u0259 olaraq d\u00f6vl\u0259t quruculu\u011funun t\u0259rkib hiss\u0259l\u0259rind\u0259n biridir.<\/span><\/a><div class=\"dpt-thumbnail portrait\"><img width=\"2560\" height=\"2560\" src=\"https:\/\/soyqirim.az\/wp-content\/uploads\/2023\/04\/Heyder-ELiyev-4-scaled.jpg\" class=\"attachment-dpt-medium size-dpt-medium wp-post-image\" alt=\"\" decoding=\"async\" loading=\"lazy\" srcset=\"https:\/\/soyqirim.az\/wp-content\/uploads\/2023\/04\/Heyder-ELiyev-4-scaled.jpg 2560w, https:\/\/soyqirim.az\/wp-content\/uploads\/2023\/04\/Heyder-ELiyev-4-300x300.jpg 300w, https:\/\/soyqirim.az\/wp-content\/uploads\/2023\/04\/Heyder-ELiyev-4-1500x1500.jpg 1500w, https:\/\/soyqirim.az\/wp-content\/uploads\/2023\/04\/Heyder-ELiyev-4-768x768.jpg 768w, https:\/\/soyqirim.az\/wp-content\/uploads\/2023\/04\/Heyder-ELiyev-4-1536x1536.jpg 1536w, https:\/\/soyqirim.az\/wp-content\/uploads\/2023\/04\/Heyder-ELiyev-4-2048x2048.jpg 2048w, https:\/\/soyqirim.az\/wp-content\/uploads\/2023\/04\/Heyder-ELiyev-4-64x64.jpg 64w, https:\/\/soyqirim.az\/wp-content\/uploads\/2023\/04\/Heyder-ELiyev-4-100x100.jpg 100w\" sizes=\"100vw\" \/><\/div><\/div><div class=\" sub-entry\"><h3 class=\"dpt-title\"><a class=\"dpt-title-link\" href=\"https:\/\/soyqirim.az\/ar\/link\/10787\" rel=\"bookmark\">Ordu d\u00f6vl\u0259tin \u0259razi b\u00fct\u00f6vl\u00fcy\u00fcn\u00fc t\u0259min etm\u0259k \u00fc\u00e7\u00fcn \u0259sas q\u00fcvv\u0259 olaraq d\u00f6vl\u0259t quruculu\u011funun t\u0259rkib hiss\u0259l\u0259rind\u0259n biridir.<\/a><\/h3><\/div><\/div>\n\t\t\t\t<\/div><!-- .dpt-entry -->\n\t\t\t\t\t\t\t\t<div class=\"dpt-entry has-thumbnail\">\n\t\t\t\t\t<div class=\"dpt-entry-wrapper\"><div class=\" dpt-featured-content\"><a href=\"https:\/\/soyqirim.az\/ar\/link\/10777\" class=\"dpt-permalink\"><span class=\"screen-reader-text\">Quban\u0131n meyv\u0259\u00e7ilik rayonu kimi formala\u015fmas\u0131 \u00dcmummilli lider Heyd\u0259r \u018fliyevin ad\u0131 il\u0259 ba\u011fl\u0131d\u0131r.<\/span><\/a><div class=\"dpt-thumbnail portrait\"><img width=\"526\" height=\"526\" src=\"https:\/\/soyqirim.az\/wp-content\/uploads\/2023\/04\/342897686_1248968872403280_1769076590951733925_n.jpg\" class=\"attachment-dpt-medium size-dpt-medium wp-post-image\" alt=\"\" decoding=\"async\" loading=\"lazy\" srcset=\"https:\/\/soyqirim.az\/wp-content\/uploads\/2023\/04\/342897686_1248968872403280_1769076590951733925_n.jpg 526w, https:\/\/soyqirim.az\/wp-content\/uploads\/2023\/04\/342897686_1248968872403280_1769076590951733925_n-300x300.jpg 300w, https:\/\/soyqirim.az\/wp-content\/uploads\/2023\/04\/342897686_1248968872403280_1769076590951733925_n-64x64.jpg 64w, https:\/\/soyqirim.az\/wp-content\/uploads\/2023\/04\/342897686_1248968872403280_1769076590951733925_n-100x100.jpg 100w\" sizes=\"100vw\" \/><\/div><\/div><div class=\" sub-entry\"><h3 class=\"dpt-title\"><a class=\"dpt-title-link\" href=\"https:\/\/soyqirim.az\/ar\/link\/10777\" rel=\"bookmark\">Quban\u0131n meyv\u0259\u00e7ilik rayonu kimi formala\u015fmas\u0131 \u00dcmummilli lider Heyd\u0259r \u018fliyevin ad\u0131 il\u0259 ba\u011fl\u0131d\u0131r.<\/a><\/h3><\/div><\/div>\n\t\t\t\t<\/div><!-- .dpt-entry -->\n\t\t\t\t\n\t\t\t<\/div>\n\t\t\t\t\t\t<\/div>\n\t\t\t","protected":false},"excerpt":{"rendered":"<p><!-- wp:dpt\/display-post-types {\"taxonomy\":\"category\",\"terms\":[\"heydereliyev\"],\"number\":6,\"imgAspect\":\"wdscrn\"} \/-->&#8230;<\/p>\n","protected":false},"author":1,"featured_media":0,"parent":0,"menu_order":0,"comment_status":"closed","ping_status":"closed","template":"","meta":{"ghostkit_customizer_options":"","ghostkit_custom_css":"","ghostkit_custom_js_head":"","ghostkit_custom_js_foot":"","ghostkit_typography":""},"_links":{"self":[{"href":"https:\/\/soyqirim.az\/ar\/wp-json\/wp\/v2\/pages\/10128"}],"collection":[{"href":"https:\/\/soyqirim.az\/ar\/wp-json\/wp\/v2\/pages"}],"about":[{"href":"https:\/\/soyqirim.az\/ar\/wp-json\/wp\/v2\/types\/page"}],"author":[{"embeddable":true,"href":"https:\/\/soyqirim.az\/ar\/wp-json\/wp\/v2\/users\/1"}],"replies":[{"embeddable":true,"href":"https:\/\/soyqirim.az\/ar\/wp-json\/wp\/v2\/comments?post=10128"}],"version-history":[{"count":41,"href":"https:\/\/soyqirim.az\/ar\/wp-json\/wp\/v2\/pages\/10128\/revisions"}],"predecessor-version":[{"id":16639,"href":"https:\/\/soyqirim.az\/ar\/wp-json\/wp\/v2\/pages\/10128\/revisions\/16639"}],"wp:attachment":[{"href":"https:\/\/soyqirim.az\/ar\/wp-json\/wp\/v2\/media?parent=10128"}],"curies":[{"name":"wp","href":"https:\/\/api.w.org\/{rel}","templated":true}]}}