{"id":17184,"date":"2026-05-12T12:21:09","date_gmt":"2026-05-12T08:21:09","guid":{"rendered":"https:\/\/soyqirim.az\/konullu-ol"},"modified":"2026-05-12T12:21:09","modified_gmt":"2026-05-12T08:21:09","slug":"konullu-ol","status":"publish","type":"page","link":"https:\/\/soyqirim.az\/ar\/konullu-ol","title":{"rendered":"\u0643\u0646 \u0645\u062a\u0637\u0648\u0639\u064b\u0627"},"content":{"rendered":"\t<section class=\"qsmk-volunteer\">\n\t\t<div class=\"qsmk-volunteer__inner\">\n\t\t\t<header class=\"qsmk-volunteer__header\">\n\t\t\t\t<span class=\"qsmk-volunteer__eyebrow\">Soyq\u0131r\u0131m\u0131 Memorial Kompleksi<\/span>\n\t\t\t\t<h1 class=\"qsmk-volunteer__title\">K\u00f6n\u00fcll\u00fc ol<\/h1>\n\t\t\t\t<p class=\"qsmk-volunteer__text\">\n\t\t\t\t\tK\u00f6n\u00fcll\u00fc f\u0259aliyy\u0259tind\u0259 i\u015ftirak etm\u0259k ist\u0259yirsinizs\u0259, a\u015fa\u011f\u0131dak\u0131 forman\u0131 doldurun.\n\t\t\t\t<\/p>\n\t\t\t<\/header>\n\n\t\t\t\n\t\t\t<form class=\"qsmk-volunteer__form\" method=\"post\" action=\"https:\/\/soyqirim.az\/wp-admin\/admin-post.php\">\n\t\t\t\t<input type=\"hidden\" name=\"action\" value=\"qsmk_submit_volunteer\">\n\t\t\t\t<input type=\"hidden\" id=\"qsmk_volunteer_nonce\" name=\"qsmk_volunteer_nonce\" value=\"e2cf0aa4ef\" \/><input type=\"hidden\" name=\"_wp_http_referer\" value=\"\/ar\/wp-json\/wp\/v2\/pages\/17184\" \/>\n\t\t\t\t<div class=\"qsmk-volunteer__hidden-field\" aria-hidden=\"true\">\n\t\t\t\t\t<label>Bu sah\u0259ni bo\u015f saxlay\u0131n<\/label>\n\t\t\t\t\t<input type=\"text\" name=\"qsmk_website\" tabindex=\"-1\" autocomplete=\"off\">\n\t\t\t\t<\/div>\n\n\t\t\t\t<div class=\"qsmk-volunteer__grid\">\n\t\t\t\t\t<label class=\"qsmk-volunteer__field\">\n\t\t\t\t\t\t<span>1. Ad v\u0259 soyad <b>*<\/b><\/span>\n\t\t\t\t\t\t<input type=\"text\" name=\"name\" required>\n\t\t\t\t\t<\/label>\n\n\t\t\t\t\t<label class=\"qsmk-volunteer__field\">\n\t\t\t\t\t\t<span>2. Do\u011fum tarixiniz <b>*<\/b><\/span>\n\t\t\t\t\t\t<input type=\"text\" name=\"birth_date\" inputmode=\"numeric\" placeholder=\"dd.mm.yyyy\" pattern=\"[0-9]{2}\\.[0-9]{2}\\.[0-9]{4}\" maxlength=\"10\" autocomplete=\"bday\" title=\"Tarixi dd.mm.yyyy format\u0131nda yaz\u0131n. M\u0259s\u0259l\u0259n: 22.03.1993\" required>\n\t\t\t\t\t<\/label>\n\n\t\t\t\t\t<label class=\"qsmk-volunteer__field\">\n\t\t\t\t\t\t<span>3. Telefon n\u00f6mr\u0259niz <b>*<\/b><\/span>\n\t\t\t\t\t\t<input type=\"tel\" name=\"phone\" required>\n\t\t\t\t\t<\/label>\n\n\t\t\t\t\t<label class=\"qsmk-volunteer__field\">\n\t\t\t\t\t\t<span>4. Elektron po\u00e7t \u00fcnvan\u0131n\u0131z <b>*<\/b><\/span>\n\t\t\t\t\t\t<input type=\"email\" name=\"email\" required>\n\t\t\t\t\t<\/label>\n\n\t\t\t\t\t<label class=\"qsmk-volunteer__field qsmk-volunteer__field--wide\">\n\t\t\t\t\t\t<span>5. Ya\u015fad\u0131\u011f\u0131n\u0131z \u015f\u0259h\u0259r\/rayon <b>*<\/b><\/span>\n\t\t\t\t\t\t<input type=\"text\" name=\"city\" required>\n\t\t\t\t\t<\/label>\n\t\t\t\t<\/div>\n\n\t\t\t\t<fieldset class=\"qsmk-volunteer__fieldset\">\n\t\t\t\t\t<legend>6. T\u0259hsiliniz <b>*<\/b><\/legend>\n\t\t\t\t\t<div class=\"qsmk-volunteer__options qsmk-volunteer__options--radio\"><label class=\"qsmk-volunteer__option\" for=\"qsmk_education_56b5d9ddd351cebc5bc5e1db1faeee5f\"><input type=\"radio\" id=\"qsmk_education_56b5d9ddd351cebc5bc5e1db1faeee5f\" name=\"education\" value=\"Bakalavr\" required><span>Bakalavr<\/span><\/label><label class=\"qsmk-volunteer__option\" for=\"qsmk_education_b34435f0bc4d96125c59554eb4e8831c\"><input type=\"radio\" id=\"qsmk_education_b34435f0bc4d96125c59554eb4e8831c\" name=\"education\" value=\"Magistr\" required><span>Magistr<\/span><\/label><label class=\"qsmk-volunteer__option\" for=\"qsmk_education_293b3a26c1e8f1a608607acf90dbe177\"><input type=\"radio\" id=\"qsmk_education_293b3a26c1e8f1a608607acf90dbe177\" name=\"education\" value=\"Dig\u0259r\" required><span>Dig\u0259r<\/span><\/label><\/div>\t\t\t\t<\/fieldset>\n\n\t\t\t\t<label class=\"qsmk-volunteer__field\">\n\t\t\t\t\t<span>7. T\u0259hsil ald\u0131\u011f\u0131n\u0131z v\u0259 ya \u00e7al\u0131\u015fd\u0131\u011f\u0131n\u0131z m\u00fc\u0259ssis\u0259 <b>*<\/b><\/span>\n\t\t\t\t\t<input type=\"text\" name=\"organization\" required>\n\t\t\t\t<\/label>\n\n\t\t\t\t<fieldset class=\"qsmk-volunteer__fieldset\">\n\t\t\t\t\t<legend>8. Hans\u0131 dill\u0259ri bilirsiniz? <b>*<\/b><\/legend>\n\t\t\t\t\t<div class=\"qsmk-volunteer__options qsmk-volunteer__options--checkbox\"><label class=\"qsmk-volunteer__option\" for=\"qsmk_languages_47f72270be0a945966b8fc45f75a9668\"><input type=\"checkbox\" id=\"qsmk_languages_47f72270be0a945966b8fc45f75a9668\" name=\"languages[]\" value=\"\u0130ngilis dili\"><span>\u0130ngilis dili<\/span><\/label><label class=\"qsmk-volunteer__option\" for=\"qsmk_languages_def9aea20c771bb233d63c24a170457b\"><input type=\"checkbox\" id=\"qsmk_languages_def9aea20c771bb233d63c24a170457b\" name=\"languages[]\" value=\"Rus dili\"><span>Rus dili<\/span><\/label><label class=\"qsmk-volunteer__option\" for=\"qsmk_languages_d17e88986542f1646133d23256d46c11\"><input type=\"checkbox\" id=\"qsmk_languages_d17e88986542f1646133d23256d46c11\" name=\"languages[]\" value=\"\u018fr\u0259b dili\"><span>\u018fr\u0259b dili<\/span><\/label><label class=\"qsmk-volunteer__option\" for=\"qsmk_languages_a0e7a0893e3c3b2565972d41708299e7\"><input type=\"checkbox\" id=\"qsmk_languages_a0e7a0893e3c3b2565972d41708299e7\" name=\"languages[]\" value=\"Frans\u0131z dili\"><span>Frans\u0131z dili<\/span><\/label><label class=\"qsmk-volunteer__option\" for=\"qsmk_languages_0b35e8114ccb72a12f2e06bfd4eb92bf\"><input type=\"checkbox\" id=\"qsmk_languages_0b35e8114ccb72a12f2e06bfd4eb92bf\" name=\"languages[]\" value=\"Alman dili\"><span>Alman dili<\/span><\/label><label class=\"qsmk-volunteer__option\" for=\"qsmk_languages_92f891696d7ba502f99ababe813aa307\"><input type=\"checkbox\" id=\"qsmk_languages_92f891696d7ba502f99ababe813aa307\" name=\"languages[]\" value=\"T\u00fcrk dili\"><span>T\u00fcrk dili<\/span><\/label><\/div>\t\t\t\t<\/fieldset>\n\n\t\t\t\t<label class=\"qsmk-volunteer__field\">\n\t\t\t\t\t<span>9. K\u00f6n\u00fcll\u00fc f\u0259aliyy\u0259tind\u0259 i\u015ftirak etm\u0259k s\u0259b\u0259biniz n\u0259dir?<\/span>\n\t\t\t\t\t<textarea name=\"motivation\" rows=\"4\"><\/textarea>\n\t\t\t\t<\/label>\n\n\t\t\t\t<fieldset class=\"qsmk-volunteer__fieldset\">\n\t\t\t\t\t<legend>10. Daha \u0259vv\u0259l k\u00f6n\u00fcll\u00fcl\u00fck t\u0259cr\u00fcb\u0259niz olubmu? <b>*<\/b><\/legend>\n\t\t\t\t\t<div class=\"qsmk-volunteer__options qsmk-volunteer__options--radio\"><label class=\"qsmk-volunteer__option\" for=\"qsmk_has_experience_7125ffeeaf585cc956848859be646141\"><input type=\"radio\" id=\"qsmk_has_experience_7125ffeeaf585cc956848859be646141\" name=\"has_experience\" value=\"B\u0259li\" required><span>B\u0259li<\/span><\/label><label class=\"qsmk-volunteer__option\" for=\"qsmk_has_experience_8358bffd254da3b72d209011895e896a\"><input type=\"radio\" id=\"qsmk_has_experience_8358bffd254da3b72d209011895e896a\" name=\"has_experience\" value=\"Xeyr\" required><span>Xeyr<\/span><\/label><\/div>\t\t\t\t<\/fieldset>\n\n\t\t\t\t<label class=\"qsmk-volunteer__field\">\n\t\t\t\t\t<span>11. \u018fg\u0259r k\u00f6n\u00fcll\u00fcl\u00fck f\u0259aliyy\u0259tiniz olubsa, harada v\u0259 hans\u0131 f\u0259aliyy\u0259tl\u0259rd\u0259 i\u015ftirak etmisiniz? <b>*<\/b><\/span>\n\t\t\t\t\t<textarea name=\"experience_details\" rows=\"4\" required><\/textarea>\n\t\t\t\t<\/label>\n\n\t\t\t\t<fieldset class=\"qsmk-volunteer__fieldset\">\n\t\t\t\t\t<legend>12. Hans\u0131 istiqam\u0259tl\u0259rd\u0259 f\u0259aliyy\u0259t g\u00f6st\u0259rm\u0259k ist\u0259rdiniz? <b>*<\/b><\/legend>\n\t\t\t\t\t<div class=\"qsmk-volunteer__options qsmk-volunteer__options--checkbox\"><label class=\"qsmk-volunteer__option\" for=\"qsmk_interests_1a7b62f258ef069f029609932423a90e\"><input type=\"checkbox\" id=\"qsmk_interests_1a7b62f258ef069f029609932423a90e\" name=\"interests[]\" value=\"Ziyar\u0259t\u00e7il\u0259rl\u0259 i\u015f\"><span>Ziyar\u0259t\u00e7il\u0259rl\u0259 i\u015f<\/span><\/label><label class=\"qsmk-volunteer__option\" for=\"qsmk_interests_70f3e9c6f7f6a4758244b5755b73b776\"><input type=\"checkbox\" id=\"qsmk_interests_70f3e9c6f7f6a4758244b5755b73b776\" name=\"interests[]\" value=\"T\u0259dbirl\u0259rin t\u0259\u015fkili\"><span>T\u0259dbirl\u0259rin t\u0259\u015fkili<\/span><\/label><label class=\"qsmk-volunteer__option\" for=\"qsmk_interests_3523585b5bfe3b741fdab6b3a81877e6\"><input type=\"checkbox\" id=\"qsmk_interests_3523585b5bfe3b741fdab6b3a81877e6\" name=\"interests[]\" value=\"Sosial media v\u0259 media d\u0259st\u0259yi\"><span>Sosial media v\u0259 media d\u0259st\u0259yi<\/span><\/label><label class=\"qsmk-volunteer__option\" for=\"qsmk_interests_7c034b00f1c463ff73fc54d62544c362\"><input type=\"checkbox\" id=\"qsmk_interests_7c034b00f1c463ff73fc54d62544c362\" name=\"interests[]\" value=\"T\u0259rc\u00fcm\u0259 f\u0259aliyy\u0259ti\"><span>T\u0259rc\u00fcm\u0259 f\u0259aliyy\u0259ti<\/span><\/label><label class=\"qsmk-volunteer__option\" for=\"qsmk_interests_78783761a38bf845cbe7ed0e559e1435\"><input type=\"checkbox\" id=\"qsmk_interests_78783761a38bf845cbe7ed0e559e1435\" name=\"interests[]\" value=\"T\u0259dqiqat v\u0259 arxiv i\u015fi\"><span>T\u0259dqiqat v\u0259 arxiv i\u015fi<\/span><\/label><label class=\"qsmk-volunteer__option\" for=\"qsmk_interests_a993d98d61d063b5108312670a9d80a2\"><input type=\"checkbox\" id=\"qsmk_interests_a993d98d61d063b5108312670a9d80a2\" name=\"interests[]\" value=\"Ekskursiya d\u0259st\u0259yi\"><span>Ekskursiya d\u0259st\u0259yi<\/span><\/label><label class=\"qsmk-volunteer__option\" for=\"qsmk_interests_293b3a26c1e8f1a608607acf90dbe177\"><input type=\"checkbox\" id=\"qsmk_interests_293b3a26c1e8f1a608607acf90dbe177\" name=\"interests[]\" value=\"Dig\u0259r\"><span>Dig\u0259r<\/span><\/label><\/div>\t\t\t\t<\/fieldset>\n\n\t\t\t\t<fieldset class=\"qsmk-volunteer__fieldset\">\n\t\t\t\t\t<legend>13. H\u0259ft\u0259 \u0259rzind\u0259 k\u00f6n\u00fcll\u00fc f\u0259aliyy\u0259tin\u0259 n\u0259 q\u0259d\u0259r vaxt ay\u0131ra bil\u0259rsiniz? <b>*<\/b><\/legend>\n\t\t\t\t\t<div class=\"qsmk-volunteer__options qsmk-volunteer__options--radio\"><label class=\"qsmk-volunteer__option\" for=\"qsmk_availability_fbe27b1b055acf1de1f0ea89055f095d\"><input type=\"radio\" id=\"qsmk_availability_fbe27b1b055acf1de1f0ea89055f095d\" name=\"availability\" value=\"H\u0259ft\u0259d\u0259 1 g\u00fcn\" required><span>H\u0259ft\u0259d\u0259 1 g\u00fcn<\/span><\/label><label class=\"qsmk-volunteer__option\" for=\"qsmk_availability_4cc605fb8c84420803a78e532454f92e\"><input type=\"radio\" id=\"qsmk_availability_4cc605fb8c84420803a78e532454f92e\" name=\"availability\" value=\"H\u0259ft\u0259d\u0259 2-3 g\u00fcn\" required><span>H\u0259ft\u0259d\u0259 2-3 g\u00fcn<\/span><\/label><label class=\"qsmk-volunteer__option\" for=\"qsmk_availability_685a5afd8f69471dfbe2bc80f157b1cb\"><input type=\"radio\" id=\"qsmk_availability_685a5afd8f69471dfbe2bc80f157b1cb\" name=\"availability\" value=\"H\u0259ft\u0259d\u0259 4+ g\u00fcn\" required><span>H\u0259ft\u0259d\u0259 4+ g\u00fcn<\/span><\/label><label class=\"qsmk-volunteer__option\" for=\"qsmk_availability_e74649173870750bd5043b825fba3d71\"><input type=\"radio\" id=\"qsmk_availability_e74649173870750bd5043b825fba3d71\" name=\"availability\" value=\"Yaln\u0131z t\u0259dbirl\u0259r zaman\u0131\" required><span>Yaln\u0131z t\u0259dbirl\u0259r zaman\u0131<\/span><\/label><\/div>\t\t\t\t<\/fieldset>\n\n\t\t\t\t<fieldset class=\"qsmk-volunteer__fieldset\">\n\t\t\t\t\t<legend>14. Hans\u0131 g\u00fcnl\u0259r sizin \u00fc\u00e7\u00fcn uy\u011fundur? <b>*<\/b><\/legend>\n\t\t\t\t\t<div class=\"qsmk-volunteer__options qsmk-volunteer__options--checkbox\"><label class=\"qsmk-volunteer__option\" for=\"qsmk_days_4c733b3c27faf67a1fd0e9fb4a9bc2ee\"><input type=\"checkbox\" id=\"qsmk_days_4c733b3c27faf67a1fd0e9fb4a9bc2ee\" name=\"days[]\" value=\"Bazar ert\u0259si\"><span>Bazar ert\u0259si<\/span><\/label><label class=\"qsmk-volunteer__option\" for=\"qsmk_days_01435ca681cc3e779ff8d1decd3b8291\"><input type=\"checkbox\" id=\"qsmk_days_01435ca681cc3e779ff8d1decd3b8291\" name=\"days[]\" value=\"\u00c7\u0259r\u015f\u0259nb\u0259 ax\u015fam\u0131\"><span>\u00c7\u0259r\u015f\u0259nb\u0259 ax\u015fam\u0131<\/span><\/label><label class=\"qsmk-volunteer__option\" for=\"qsmk_days_50bb900e390554fbf5d8bdc9ca5cdade\"><input type=\"checkbox\" id=\"qsmk_days_50bb900e390554fbf5d8bdc9ca5cdade\" name=\"days[]\" value=\"\u00c7\u0259r\u015f\u0259nb\u0259\"><span>\u00c7\u0259r\u015f\u0259nb\u0259<\/span><\/label><label class=\"qsmk-volunteer__option\" for=\"qsmk_days_8a8cf40926eed0ab58c89a4769864e0a\"><input type=\"checkbox\" id=\"qsmk_days_8a8cf40926eed0ab58c89a4769864e0a\" name=\"days[]\" value=\"C\u00fcm\u0259 ax\u015fam\u0131\"><span>C\u00fcm\u0259 ax\u015fam\u0131<\/span><\/label><label class=\"qsmk-volunteer__option\" for=\"qsmk_days_faba24b133fe248e7ffebf552c5e0b58\"><input type=\"checkbox\" id=\"qsmk_days_faba24b133fe248e7ffebf552c5e0b58\" name=\"days[]\" value=\"C\u00fcm\u0259\"><span>C\u00fcm\u0259<\/span><\/label><label class=\"qsmk-volunteer__option\" for=\"qsmk_days_02045caea5433db7680aecea7b6d73e8\"><input type=\"checkbox\" id=\"qsmk_days_02045caea5433db7680aecea7b6d73e8\" name=\"days[]\" value=\"\u015e\u0259nb\u0259\"><span>\u015e\u0259nb\u0259<\/span><\/label><label class=\"qsmk-volunteer__option\" for=\"qsmk_days_d84d7f543013c88be2c001c9373ae913\"><input type=\"checkbox\" id=\"qsmk_days_d84d7f543013c88be2c001c9373ae913\" name=\"days[]\" value=\"Bazar\"><span>Bazar<\/span><\/label><\/div>\t\t\t\t<\/fieldset>\n\n\t\t\t\t<label class=\"qsmk-volunteer__field\">\n\t\t\t\t\t<span>15. \u00d6z\u00fcn\u00fcz\u00fc hans\u0131 bacar\u0131qlar\u0131n\u0131za g\u00f6r\u0259 faydal\u0131 hesab edirsiniz? <b>*<\/b><\/span>\n\t\t\t\t\t<textarea name=\"skills\" rows=\"4\" required><\/textarea>\n\t\t\t\t<\/label>\n\n\t\t\t\t<label class=\"qsmk-volunteer__field\">\n\t\t\t\t\t<span>16. Soyq\u0131r\u0131m\u0131 Memorial Kompleksinin f\u0259aliyy\u0259tin\u0259 nec\u0259 t\u00f6hf\u0259 verm\u0259k ist\u0259yirsiniz? <b>*<\/b><\/span>\n\t\t\t\t\t<textarea name=\"contribution\" rows=\"4\" required><\/textarea>\n\t\t\t\t<\/label>\n\n\t\t\t\t<label class=\"qsmk-volunteer__field\">\n\t\t\t\t\t<span>17. \u018flav\u0259 qeyd v\u0259 ya t\u0259klifiniz varsa yaz\u0131n<\/span>\n\t\t\t\t\t<textarea name=\"notes\" rows=\"4\"><\/textarea>\n\t\t\t\t<\/label>\n\n\t\t\t\t<div class=\"qsmk-volunteer__actions\">\n\t\t\t\t\t<button type=\"submit\" class=\"qsmk-volunteer__submit\">G\u00f6nd\u0259r<\/button>\n\t\t\t\t<\/div>\n\t\t\t<\/form>\n\t\t<\/div>\n\t<\/section>\n\n\t<script id=\"qsmk-volunteer-date-mask\">\n\tdocument.addEventListener('DOMContentLoaded', function() {\n\t\tvar fields = document.querySelectorAll('.qsmk-volunteer input[name=\"birth_date\"]');\n\n\t\tfields.forEach(function(field) {\n\t\t\tfield.addEventListener('input', function() {\n\t\t\t\tvar value = field.value.replace(\/[^0-9]\/g, '').slice(0, 8);\n\t\t\t\tvar parts = [];\n\n\t\t\t\tif (value.length > 0) {\n\t\t\t\t\tparts.push(value.slice(0, 2));\n\t\t\t\t}\n\t\t\t\tif (value.length > 2) {\n\t\t\t\t\tparts.push(value.slice(2, 4));\n\t\t\t\t}\n\t\t\t\tif (value.length > 4) {\n\t\t\t\t\tparts.push(value.slice(4, 8));\n\t\t\t\t}\n\n\t\t\t\tfield.value = parts.join('.');\n\t\t\t});\n\t\t});\n\t});\n\t<\/script>\n\t\n","protected":false},"excerpt":{"rendered":"<p>&#8230;<\/p>\n","protected":false},"author":1,"featured_media":0,"parent":0,"menu_order":0,"comment_status":"closed","ping_status":"closed","template":"","meta":{"ghostkit_customizer_options":"","ghostkit_custom_css":"","ghostkit_custom_js_head":"","ghostkit_custom_js_foot":"","ghostkit_typography":""},"_links":{"self":[{"href":"https:\/\/soyqirim.az\/ar\/wp-json\/wp\/v2\/pages\/17184"}],"collection":[{"href":"https:\/\/soyqirim.az\/ar\/wp-json\/wp\/v2\/pages"}],"about":[{"href":"https:\/\/soyqirim.az\/ar\/wp-json\/wp\/v2\/types\/page"}],"author":[{"embeddable":true,"href":"https:\/\/soyqirim.az\/ar\/wp-json\/wp\/v2\/users\/1"}],"replies":[{"embeddable":true,"href":"https:\/\/soyqirim.az\/ar\/wp-json\/wp\/v2\/comments?post=17184"}],"version-history":[{"count":0,"href":"https:\/\/soyqirim.az\/ar\/wp-json\/wp\/v2\/pages\/17184\/revisions"}],"wp:attachment":[{"href":"https:\/\/soyqirim.az\/ar\/wp-json\/wp\/v2\/media?parent=17184"}],"curies":[{"name":"wp","href":"https:\/\/api.w.org\/{rel}","templated":true}]}}